{"id":6417,"date":"2024-07-17T16:41:34","date_gmt":"2024-07-17T14:41:34","guid":{"rendered":"https:\/\/juunika.ee\/?page_id=6417"},"modified":"2025-01-21T11:57:05","modified_gmt":"2025-01-21T09:57:05","slug":"juunika-training-minutes","status":"publish","type":"page","link":"https:\/\/juunika.ee\/en\/juunika-training-minutes\/","title":{"rendered":"Juunika Training Minutes"},"content":{"rendered":"\n<p style=\"font-size:18px\"><strong>Listen to Juunika Koolitus\u2019 podcast series <\/strong><\/p>\n\n\n\n<p style=\"font-size:18px\"><strong>JUUNIKA TRAINING MINUTES<\/strong> <\/p>\n\n\n\n<p style=\"font-size:18px\">In this podcast, we explore the impact of training on the growth of individuals, companies and organisations.<\/p>\n\n\n\n<p style=\"font-size:18px\">The episodes are hosted by Raul Ennus, Managing Partner of Juunika Koolitus.<\/p>\n\n\n\n<p style=\"font-size:18px\"><strong>Listen to the podcasts (in Estonian) on <a href=\"https:\/\/open.spotify.com\/show\/5c27KwODmlVIVXIxT0HlbU?si=3eb34744ddfb46b5\" target=\"_blank\" rel=\"noreferrer noopener\">Spotify<\/a>!<\/strong><br><br>(NB! Listening does not require a paid Spotify account. The link opens in the browser, and the podcast is freely accessible to everyone.)<\/p>\n\n\n\n<p class=\"has-text-align-center has-medium-font-size\">*   *   *<\/p>\n\n\n\n<p class=\"has-text-align-left has-medium-font-size\"><strong><a href=\"https:\/\/open.spotify.com\/episode\/1zQpws0JiF2eIUBi8NAfFA?si=a9de0d74577f4668&amp;fbclid=Iw[\u2026]fIXk8O3j2i3j5OrNILdrawv_dwI4zDQKQ&amp;nd=1&amp;dlsi=614e220280604b6f\" target=\"_blank\" rel=\"noreferrer noopener\"><strong>Episode 6: Achieving Effective Teamwork<\/strong><\/a><\/strong><\/p>\n\n\n\n<div class=\"wp-block-media-text alignwide is-stacked-on-mobile\" style=\"grid-template-columns:51% auto\"><figure class=\"wp-block-media-text__media\"><img loading=\"lazy\" decoding=\"async\" width=\"1024\" height=\"1024\" src=\"https:\/\/juunika.ee\/wp-content\/uploads\/2024\/02\/Podcast6-1024x1024.png\" alt=\"\" class=\"wp-image-5653 size-full\" srcset=\"https:\/\/juunika.ee\/wp-content\/uploads\/2024\/02\/Podcast6-1024x1024.png 1024w, https:\/\/juunika.ee\/wp-content\/uploads\/2024\/02\/Podcast6-300x300.png 300w, https:\/\/juunika.ee\/wp-content\/uploads\/2024\/02\/Podcast6-150x150.png 150w, https:\/\/juunika.ee\/wp-content\/uploads\/2024\/02\/Podcast6-768x768.png 768w, https:\/\/juunika.ee\/wp-content\/uploads\/2024\/02\/Podcast6-1536x1536.png 1536w, https:\/\/juunika.ee\/wp-content\/uploads\/2024\/02\/Podcast6-2048x2048.png 2048w\" sizes=\"auto, (max-width: 1024px) 100vw, 1024px\" \/><\/figure><div class=\"wp-block-media-text__content\">\n<p><\/p>\n\n\n\n<p>In the sixth episode, we delve into the concept of teamwork, exploring how to assess its adequacy, and strategies for ensuring its effectiveness.<\/p>\n\n\n\n<p><\/p>\n\n\n\n<p>Joining us this time as guests are Mats Soomre, a long-time trainer specialising in management and teamwork, founder of Bebin Estonia and lecturer at Mainor Business School; and Helena Laus, an experienced HR manager, entrepreneur, teamwork trainer, coach and mentor.<\/p>\n\n\n\n<p><\/p>\n<\/div><\/div>\n\n\n\n<p class=\"has-text-align-center has-medium-font-size\">*   *   *<\/p>\n\n\n\n<p class=\"has-text-align-left has-medium-font-size\"><a href=\"https:\/\/kuku.pleier.ee\/podcast\/juunika-koolitusminutid\/166235\" target=\"_blank\" rel=\"noreferrer noopener\"><strong><strong>Episode 5: What Makes a Great Training Session?<\/strong><\/strong><\/a><\/p>\n\n\n\n<div class=\"wp-block-media-text alignwide is-stacked-on-mobile\" style=\"grid-template-columns:51% auto\"><figure class=\"wp-block-media-text__media\"><img loading=\"lazy\" decoding=\"async\" width=\"1024\" height=\"1024\" src=\"https:\/\/juunika.ee\/wp-content\/uploads\/2023\/11\/Podcast5-1024x1024.png\" alt=\"\" class=\"wp-image-5088 size-full\" srcset=\"https:\/\/juunika.ee\/wp-content\/uploads\/2023\/11\/Podcast5-1024x1024.png 1024w, https:\/\/juunika.ee\/wp-content\/uploads\/2023\/11\/Podcast5-300x300.png 300w, https:\/\/juunika.ee\/wp-content\/uploads\/2023\/11\/Podcast5-150x150.png 150w, https:\/\/juunika.ee\/wp-content\/uploads\/2023\/11\/Podcast5-768x768.png 768w, https:\/\/juunika.ee\/wp-content\/uploads\/2023\/11\/Podcast5-1536x1536.png 1536w\" sizes=\"auto, (max-width: 1024px) 100vw, 1024px\" \/><\/figure><div class=\"wp-block-media-text__content\">\n<p>In the fifth episode, we delve into what makes a training session effective, how to discern its qualities, and methods to achieve and gauge training excellence. <\/p>\n\n\n\n<p><\/p>\n\n\n\n<p>Our guest for this episode is Veiko V\u00e4rk, a seasoned trainer and the director of Hea Koolitus O\u00dc. He also serves actively as a coach, lawyer and mediator in the insurance sector.<\/p>\n<\/div><\/div>\n\n\n\n<p><\/p>\n\n\n\n<p class=\"has-text-align-center has-medium-font-size\">*   *   *<\/p>\n\n\n\n<p class=\"has-text-align-left has-medium-font-size\"><a href=\"https:\/\/kuku.pleier.ee\/podcast\/juunika-koolitusminutid\/165429\" target=\"_blank\" rel=\"noreferrer noopener\"><strong><strong>Episode 4: The Necessity of Continuous Development<\/strong><\/strong><\/a><\/p>\n\n\n\n<div class=\"wp-block-media-text alignwide is-stacked-on-mobile\" style=\"grid-template-columns:51% auto\"><figure class=\"wp-block-media-text__media\"><img loading=\"lazy\" decoding=\"async\" width=\"1024\" height=\"1024\" src=\"https:\/\/juunika.ee\/wp-content\/uploads\/2023\/10\/Podcast-Kangur-1024x1024.png\" alt=\"\" class=\"wp-image-4800 size-full\" srcset=\"https:\/\/juunika.ee\/wp-content\/uploads\/2023\/10\/Podcast-Kangur-1024x1024.png 1024w, https:\/\/juunika.ee\/wp-content\/uploads\/2023\/10\/Podcast-Kangur-300x300.png 300w, https:\/\/juunika.ee\/wp-content\/uploads\/2023\/10\/Podcast-Kangur-150x150.png 150w, https:\/\/juunika.ee\/wp-content\/uploads\/2023\/10\/Podcast-Kangur-768x768.png 768w, https:\/\/juunika.ee\/wp-content\/uploads\/2023\/10\/Podcast-Kangur-1536x1536.png 1536w\" sizes=\"auto, (max-width: 1024px) 100vw, 1024px\" \/><\/figure><div class=\"wp-block-media-text__content\">\n<p>In our fourth episode, we delve into the broader topic of human development. Why is continuous development essential for humans? Can an excessive focus on development also have drawbacks? What are the optimal approaches for growth and learning, and how can these lead to successful lifelong learning?<\/p>\n\n\n\n<p>Joining us as our guest is Jaanus Kangur, a seasoned trainer and religious anthropologist.<\/p>\n<\/div><\/div>\n\n\n\n<p><\/p>\n\n\n\n<p class=\"has-text-align-center has-medium-font-size\">*   *   *<\/p>\n\n\n\n<p class=\"has-text-align-left has-medium-font-size\"><strong><a href=\"https:\/\/kuku.pleier.ee\/podcast\/juunika-koolitusminutid\/157064\" target=\"_blank\" rel=\"noreferrer noopener\"><strong>Episode 3: Enhancing Training Effectiveness<\/strong><\/a><\/strong><\/p>\n\n\n\n<div class=\"wp-block-media-text alignwide is-stacked-on-mobile\" style=\"grid-template-columns:51% auto\"><figure class=\"wp-block-media-text__media\"><img loading=\"lazy\" decoding=\"async\" width=\"960\" height=\"960\" src=\"https:\/\/juunika.ee\/wp-content\/uploads\/2023\/09\/podcast3.png\" alt=\"\" class=\"wp-image-4710 size-full\" srcset=\"https:\/\/juunika.ee\/wp-content\/uploads\/2023\/09\/podcast3.png 960w, https:\/\/juunika.ee\/wp-content\/uploads\/2023\/09\/podcast3-300x300.png 300w, https:\/\/juunika.ee\/wp-content\/uploads\/2023\/09\/podcast3-150x150.png 150w, https:\/\/juunika.ee\/wp-content\/uploads\/2023\/09\/podcast3-768x768.png 768w\" sizes=\"auto, (max-width: 960px) 100vw, 960px\" \/><\/figure><div class=\"wp-block-media-text__content\">\n<p>In this third episode, we explore methods to maximise the effectiveness of training sessions. What are the post-training activities or implementation steps? Why are these crucial and how do they influence outcomes? We delve into identifying these activities, planning strategies and discussing accountability for their implementation.<\/p>\n\n\n\n<p>Joining us as our guest for this episode is  <a href=\"https:\/\/sikka.ee\/\" target=\"_blank\" rel=\"noreferrer noopener\">Eero Sikka<\/a>, a seasoned trainer and implementation coach.<\/p>\n<\/div><\/div>\n\n\n\n<p><\/p>\n\n\n\n<p class=\"has-text-align-center has-medium-font-size\">*   *   *<\/p>\n\n\n\n<p class=\"has-text-align-left has-medium-font-size\"><strong><a href=\"https:\/\/kuku.pleier.ee\/podcast\/juunika-koolitusminutid\/157063\" target=\"_blank\" rel=\"noreferrer noopener\"><strong>Episode 2: The Smart Client of Training<\/strong><\/a><\/strong><\/p>\n\n\n\n<div class=\"wp-block-media-text alignwide is-stacked-on-mobile\" style=\"grid-template-columns:51% auto\"><figure class=\"wp-block-media-text__media\"><img loading=\"lazy\" decoding=\"async\" width=\"1024\" height=\"1024\" src=\"https:\/\/juunika.ee\/wp-content\/uploads\/2023\/07\/Koolituste-tark-tellija-Podcast-2-Juunika-Koolitus-1024x1024.png\" alt=\"\" class=\"wp-image-4551 size-full\" srcset=\"https:\/\/juunika.ee\/wp-content\/uploads\/2023\/07\/Koolituste-tark-tellija-Podcast-2-Juunika-Koolitus-1024x1024.png 1024w, https:\/\/juunika.ee\/wp-content\/uploads\/2023\/07\/Koolituste-tark-tellija-Podcast-2-Juunika-Koolitus-300x300.png 300w, https:\/\/juunika.ee\/wp-content\/uploads\/2023\/07\/Koolituste-tark-tellija-Podcast-2-Juunika-Koolitus-150x150.png 150w, https:\/\/juunika.ee\/wp-content\/uploads\/2023\/07\/Koolituste-tark-tellija-Podcast-2-Juunika-Koolitus-768x768.png 768w, https:\/\/juunika.ee\/wp-content\/uploads\/2023\/07\/Koolituste-tark-tellija-Podcast-2-Juunika-Koolitus-1536x1536.png 1536w\" sizes=\"auto, (max-width: 1024px) 100vw, 1024px\" \/><\/figure><div class=\"wp-block-media-text__content\">\n<p>In this second episode, we delve into the process of commissioning training sessions. We discuss how to plan training, analyse training needs and define the actual objectives. We also explore the distinction between training desires and needs, finding suitable trainers and effective negotiation strategies. What are the common mistakes and how can they be avoided?<\/p>\n\n\n\n<p>Our guest for this episode is Siim Sutrop, Head of Learning and Development at Bolt.<\/p>\n<\/div><\/div>\n\n\n\n<p><\/p>\n\n\n\n<p class=\"has-text-align-center has-medium-font-size\">*   *   *<\/p>\n\n\n\n<p class=\"has-text-align-left has-medium-font-size\"><strong><a href=\"https:\/\/kuku.pleier.ee\/podcast\/juunika-koolitusminutid\/157062\" target=\"_blank\" rel=\"noreferrer noopener\"><strong>Episode 1: Choosing the Right Training<\/strong><\/a><\/strong><\/p>\n\n\n\n<div class=\"wp-block-media-text alignwide is-stacked-on-mobile\" style=\"grid-template-columns:51% auto\"><figure class=\"wp-block-media-text__media\"><img loading=\"lazy\" decoding=\"async\" width=\"843\" height=\"843\" src=\"https:\/\/juunika.ee\/wp-content\/uploads\/2023\/06\/Osa-1.jpg\" alt=\"\" class=\"wp-image-4456 size-full\" srcset=\"https:\/\/juunika.ee\/wp-content\/uploads\/2023\/06\/Osa-1.jpg 843w, https:\/\/juunika.ee\/wp-content\/uploads\/2023\/06\/Osa-1-300x300.jpg 300w, https:\/\/juunika.ee\/wp-content\/uploads\/2023\/06\/Osa-1-150x150.jpg 150w, https:\/\/juunika.ee\/wp-content\/uploads\/2023\/06\/Osa-1-768x768.jpg 768w\" sizes=\"auto, (max-width: 843px) 100vw, 843px\" \/><\/figure><div class=\"wp-block-media-text__content\">\n<p>In our first episode, we delve into selecting the optimal training for personal development and career advancement. We explore the importance of training in career planning and consider how career planning has evolved over the past 5 years.<\/p>\n\n\n\n<p>Joining us as our guest for this episode is Marju P\u00f5ld, partner and consultant at Karj\u00e4\u00e4rip\u00f5ld O\u00dc.<\/p>\n<\/div><\/div>\n\n\n\n<p><\/p>\n\n\n\n<p class=\"has-text-align-center has-medium-font-size\">*   *   *<\/p>\n\n\n\n<p class=\"has-text-align-center has-medium-font-size\"><\/p>\n","protected":false},"excerpt":{"rendered":"<p>Listen to Juunika Koolitus\u2019 podcast series JUUNIKA TRAINING MINUTES In this podcast, we explore the impact of training on the growth of individuals, companies and organisations. The episodes are hosted by Raul Ennus, Managing Partner of Juunika Koolitus. Listen to the podcasts (in Estonian) on Spotify! (NB! Listening does not require a paid Spotify account. [&hellip;]<\/p>\n","protected":false},"author":7,"featured_media":0,"parent":0,"menu_order":0,"comment_status":"closed","ping_status":"closed","template":"templates\/page-about.php","meta":{"_acf_changed":false,"footnotes":""},"class_list":["post-6417","page","type-page","status-publish","hentry"],"acf":[],"yoast_head":"<!-- This site is optimized with the Yoast SEO plugin v24.3 - https:\/\/yoast.com\/wordpress\/plugins\/seo\/ -->\n<title>Juunika Training Minutes - Juunika Koolitus<\/title>\n<meta name=\"description\" content=\"Juunika Training Minutes - Juunika Koolitus\" \/>\n<meta name=\"robots\" content=\"index, follow, max-snippet:-1, max-image-preview:large, max-video-preview:-1\" \/>\n<link rel=\"canonical\" href=\"https:\/\/juunika.ee\/en\/juunika-training-minutes\/\" \/>\n<meta property=\"og:locale\" content=\"en_US\" \/>\n<meta property=\"og:type\" content=\"article\" \/>\n<meta property=\"og:title\" content=\"Juunika Training Minutes - Juunika Koolitus\" \/>\n<meta property=\"og:description\" content=\"Juunika Training Minutes - Juunika Koolitus\" \/>\n<meta property=\"og:url\" content=\"https:\/\/juunika.ee\/en\/juunika-training-minutes\/\" \/>\n<meta property=\"og:site_name\" content=\"Juunika Koolitus\" \/>\n<meta property=\"article:publisher\" content=\"http:\/\/facebook.com\/juunikakoolitus\" \/>\n<meta property=\"article:modified_time\" content=\"2025-01-21T09:57:05+00:00\" \/>\n<meta property=\"og:image\" content=\"https:\/\/juunika.ee\/wp-content\/uploads\/2024\/02\/Podcast6-1024x1024.png\" \/>\n<meta name=\"twitter:card\" content=\"summary_large_image\" \/>\n<meta name=\"twitter:site\" content=\"@juunikakoolitus\" \/>\n<meta name=\"twitter:label1\" content=\"Est. reading time\" \/>\n\t<meta name=\"twitter:data1\" content=\"4 minutes\" \/>\n<script type=\"application\/ld+json\" class=\"yoast-schema-graph\">{\"@context\":\"https:\/\/schema.org\",\"@graph\":[{\"@type\":\"WebPage\",\"@id\":\"https:\/\/juunika.ee\/en\/juunika-training-minutes\/\",\"url\":\"https:\/\/juunika.ee\/en\/juunika-training-minutes\/\",\"name\":\"Juunika Training Minutes - Juunika Koolitus\",\"isPartOf\":{\"@id\":\"https:\/\/juunika.ee\/#website\"},\"primaryImageOfPage\":{\"@id\":\"https:\/\/juunika.ee\/en\/juunika-training-minutes\/#primaryimage\"},\"image\":{\"@id\":\"https:\/\/juunika.ee\/en\/juunika-training-minutes\/#primaryimage\"},\"thumbnailUrl\":\"https:\/\/juunika.ee\/wp-content\/uploads\/2024\/02\/Podcast6-1024x1024.png\",\"datePublished\":\"2024-07-17T14:41:34+00:00\",\"dateModified\":\"2025-01-21T09:57:05+00:00\",\"description\":\"Juunika Training Minutes - Juunika Koolitus\",\"breadcrumb\":{\"@id\":\"https:\/\/juunika.ee\/en\/juunika-training-minutes\/#breadcrumb\"},\"inLanguage\":\"en-US\",\"potentialAction\":[{\"@type\":\"ReadAction\",\"target\":[\"https:\/\/juunika.ee\/en\/juunika-training-minutes\/\"]}]},{\"@type\":\"ImageObject\",\"inLanguage\":\"en-US\",\"@id\":\"https:\/\/juunika.ee\/en\/juunika-training-minutes\/#primaryimage\",\"url\":\"https:\/\/juunika.ee\/wp-content\/uploads\/2024\/02\/Podcast6-1024x1024.png\",\"contentUrl\":\"https:\/\/juunika.ee\/wp-content\/uploads\/2024\/02\/Podcast6-1024x1024.png\"},{\"@type\":\"BreadcrumbList\",\"@id\":\"https:\/\/juunika.ee\/en\/juunika-training-minutes\/#breadcrumb\",\"itemListElement\":[{\"@type\":\"ListItem\",\"position\":1,\"name\":\"Home\",\"item\":\"https:\/\/juunika.ee\/\"},{\"@type\":\"ListItem\",\"position\":2,\"name\":\"Juunika Training Minutes\"}]},{\"@type\":\"WebSite\",\"@id\":\"https:\/\/juunika.ee\/#website\",\"url\":\"https:\/\/juunika.ee\/\",\"name\":\"Juunika Koolitus\",\"description\":\"Juhtimiskoolitused ja ohutuskoolitused\",\"publisher\":{\"@id\":\"https:\/\/juunika.ee\/#organization\"},\"potentialAction\":[{\"@type\":\"SearchAction\",\"target\":{\"@type\":\"EntryPoint\",\"urlTemplate\":\"https:\/\/juunika.ee\/?s={search_term_string}\"},\"query-input\":{\"@type\":\"PropertyValueSpecification\",\"valueRequired\":true,\"valueName\":\"search_term_string\"}}],\"inLanguage\":\"en-US\"},{\"@type\":\"Organization\",\"@id\":\"https:\/\/juunika.ee\/#organization\",\"name\":\"Juunika Koolitus\",\"url\":\"https:\/\/juunika.ee\/\",\"logo\":{\"@type\":\"ImageObject\",\"inLanguage\":\"en-US\",\"@id\":\"https:\/\/juunika.ee\/#\/schema\/logo\/image\/\",\"url\":\"https:\/\/juunika.ee\/wp-content\/uploads\/2023\/01\/JK-logo-valge-pohi.png\",\"contentUrl\":\"https:\/\/juunika.ee\/wp-content\/uploads\/2023\/01\/JK-logo-valge-pohi.png\",\"width\":751,\"height\":311,\"caption\":\"Juunika Koolitus\"},\"image\":{\"@id\":\"https:\/\/juunika.ee\/#\/schema\/logo\/image\/\"},\"sameAs\":[\"http:\/\/facebook.com\/juunikakoolitus\",\"https:\/\/x.com\/juunikakoolitus\",\"http:\/\/instagram.com\/juunika.koolitus\",\"https:\/\/www.linkedin.com\/company\/juunika-koolitus\"]}]}<\/script>\n<!-- \/ Yoast SEO plugin. -->","yoast_head_json":{"title":"Juunika Training Minutes - Juunika Koolitus","description":"Juunika Training Minutes - Juunika Koolitus","robots":{"index":"index","follow":"follow","max-snippet":"max-snippet:-1","max-image-preview":"max-image-preview:large","max-video-preview":"max-video-preview:-1"},"canonical":"https:\/\/juunika.ee\/en\/juunika-training-minutes\/","og_locale":"en_US","og_type":"article","og_title":"Juunika Training Minutes - Juunika Koolitus","og_description":"Juunika Training Minutes - Juunika Koolitus","og_url":"https:\/\/juunika.ee\/en\/juunika-training-minutes\/","og_site_name":"Juunika Koolitus","article_publisher":"http:\/\/facebook.com\/juunikakoolitus","article_modified_time":"2025-01-21T09:57:05+00:00","og_image":[{"url":"https:\/\/juunika.ee\/wp-content\/uploads\/2024\/02\/Podcast6-1024x1024.png","type":"","width":"","height":""}],"twitter_card":"summary_large_image","twitter_site":"@juunikakoolitus","twitter_misc":{"Est. reading time":"4 minutes"},"schema":{"@context":"https:\/\/schema.org","@graph":[{"@type":"WebPage","@id":"https:\/\/juunika.ee\/en\/juunika-training-minutes\/","url":"https:\/\/juunika.ee\/en\/juunika-training-minutes\/","name":"Juunika Training Minutes - Juunika Koolitus","isPartOf":{"@id":"https:\/\/juunika.ee\/#website"},"primaryImageOfPage":{"@id":"https:\/\/juunika.ee\/en\/juunika-training-minutes\/#primaryimage"},"image":{"@id":"https:\/\/juunika.ee\/en\/juunika-training-minutes\/#primaryimage"},"thumbnailUrl":"https:\/\/juunika.ee\/wp-content\/uploads\/2024\/02\/Podcast6-1024x1024.png","datePublished":"2024-07-17T14:41:34+00:00","dateModified":"2025-01-21T09:57:05+00:00","description":"Juunika Training Minutes - Juunika Koolitus","breadcrumb":{"@id":"https:\/\/juunika.ee\/en\/juunika-training-minutes\/#breadcrumb"},"inLanguage":"en-US","potentialAction":[{"@type":"ReadAction","target":["https:\/\/juunika.ee\/en\/juunika-training-minutes\/"]}]},{"@type":"ImageObject","inLanguage":"en-US","@id":"https:\/\/juunika.ee\/en\/juunika-training-minutes\/#primaryimage","url":"https:\/\/juunika.ee\/wp-content\/uploads\/2024\/02\/Podcast6-1024x1024.png","contentUrl":"https:\/\/juunika.ee\/wp-content\/uploads\/2024\/02\/Podcast6-1024x1024.png"},{"@type":"BreadcrumbList","@id":"https:\/\/juunika.ee\/en\/juunika-training-minutes\/#breadcrumb","itemListElement":[{"@type":"ListItem","position":1,"name":"Home","item":"https:\/\/juunika.ee\/"},{"@type":"ListItem","position":2,"name":"Juunika Training Minutes"}]},{"@type":"WebSite","@id":"https:\/\/juunika.ee\/#website","url":"https:\/\/juunika.ee\/","name":"Juunika Koolitus","description":"Juhtimiskoolitused ja ohutuskoolitused","publisher":{"@id":"https:\/\/juunika.ee\/#organization"},"potentialAction":[{"@type":"SearchAction","target":{"@type":"EntryPoint","urlTemplate":"https:\/\/juunika.ee\/?s={search_term_string}"},"query-input":{"@type":"PropertyValueSpecification","valueRequired":true,"valueName":"search_term_string"}}],"inLanguage":"en-US"},{"@type":"Organization","@id":"https:\/\/juunika.ee\/#organization","name":"Juunika Koolitus","url":"https:\/\/juunika.ee\/","logo":{"@type":"ImageObject","inLanguage":"en-US","@id":"https:\/\/juunika.ee\/#\/schema\/logo\/image\/","url":"https:\/\/juunika.ee\/wp-content\/uploads\/2023\/01\/JK-logo-valge-pohi.png","contentUrl":"https:\/\/juunika.ee\/wp-content\/uploads\/2023\/01\/JK-logo-valge-pohi.png","width":751,"height":311,"caption":"Juunika Koolitus"},"image":{"@id":"https:\/\/juunika.ee\/#\/schema\/logo\/image\/"},"sameAs":["http:\/\/facebook.com\/juunikakoolitus","https:\/\/x.com\/juunikakoolitus","http:\/\/instagram.com\/juunika.koolitus","https:\/\/www.linkedin.com\/company\/juunika-koolitus"]}]}},"_links":{"self":[{"href":"https:\/\/juunika.ee\/en\/wp-json\/wp\/v2\/pages\/6417","targetHints":{"allow":["GET"]}}],"collection":[{"href":"https:\/\/juunika.ee\/en\/wp-json\/wp\/v2\/pages"}],"about":[{"href":"https:\/\/juunika.ee\/en\/wp-json\/wp\/v2\/types\/page"}],"author":[{"embeddable":true,"href":"https:\/\/juunika.ee\/en\/wp-json\/wp\/v2\/users\/7"}],"replies":[{"embeddable":true,"href":"https:\/\/juunika.ee\/en\/wp-json\/wp\/v2\/comments?post=6417"}],"version-history":[{"count":6,"href":"https:\/\/juunika.ee\/en\/wp-json\/wp\/v2\/pages\/6417\/revisions"}],"predecessor-version":[{"id":7030,"href":"https:\/\/juunika.ee\/en\/wp-json\/wp\/v2\/pages\/6417\/revisions\/7030"}],"wp:attachment":[{"href":"https:\/\/juunika.ee\/en\/wp-json\/wp\/v2\/media?parent=6417"}],"curies":[{"name":"wp","href":"https:\/\/api.w.org\/{rel}","templated":true}]}}